{"id":495,"date":"2025-12-22T01:15:28","date_gmt":"2025-12-22T01:15:28","guid":{"rendered":"https:\/\/gcsgroup.fr\/projects\/"},"modified":"2026-01-04T01:36:03","modified_gmt":"2026-01-04T00:36:03","slug":"projects","status":"publish","type":"page","link":"https:\/\/gcsgroup.fr\/en\/projects\/","title":{"rendered":"Projets"},"content":{"rendered":"<div data-spectra-id=\"37fe9e23\"\tstyle=\"overflow: visible; --spectra-background-color: var(--ast-global-color-7); --spectra-overlay-opacity: 0.81;\" class=\"spectra-is-root-container alignfull spectra-overlay-color spectra-overflow spectra-background-color spectra-dim-ratio wp-block-spectra-container\" data-orientation=\"vertical\"\t>\n\t\n\t<h1 data-spectra-id=\"spectra-bf7b5b87-heading\" style=\"color:#ffffff\" class=\"wp-block-spectra-content has-text-color\">\n\t\tProjets\t<\/h1>\n\n<\/div>\n\n\n<div data-spectra-id=\"52be6acf\"\tstyle=\"overflow: visible; --spectra-background-color: var(--ast-global-color-5);\" class=\"spectra-is-root-container alignfull spectra-overlay-color spectra-overflow spectra-background-color wp-block-spectra-container\" data-orientation=\"vertical\"\t>\n\t\n\t<h3 data-spectra-id=\"spectra-86a9b711-prefix\" style=\"--spectra-text-color: var(--ast-global-color-0)\" class=\"has-text-color spectra-text-color wp-block-spectra-content has-text-color has-var-ast-global-color-0-color\">\n\t\tNos Projets\t<\/h3>\n\n\n\t<h2 data-spectra-id=\"spectra-86a9b711-title\" class=\"wp-block-spectra-content\">\n\t\tNos derni\u00e8res r\u00e9alisations\t<\/h2>\n\n<\/div>\n\n\n<div data-spectra-id=\"spectra-mfyy3cge-c9k86b\"\tstyle=\"overflow: visible;\" class=\"spectra-is-root-container alignfull spectra-overlay-color spectra-overflow wp-block-spectra-container\" data-orientation=\"vertical\"\t>\n\t\n<div data-spectra-id=\"spectra-a0acdf8c\" style=\"overflow: visible;--spectra-background-gradient: linear-gradient(0deg, var(--ast-global-color-7) 29%, #ffffff00 49%);--spectra-overlay-opacity: 0.65\" class=\"spectra-overlay-color spectra-overflow spectra-background-gradient spectra-dim-ratio wp-block-spectra-container\" data-orientation=\"vertical\">\n\t\n\t<h3 data-spectra-id=\"spectra-9beb69d3-heading\" style=\"--spectra-text-color: #ffffff\" class=\"has-text-color spectra-text-color wp-block-spectra-content has-text-color has-ffffff-color\">\n\t\tR\u00e9habilitation du bloc technique\t<\/h3>\n\n\n\t<p data-spectra-id=\"spectra-9beb69d3-desc\" style=\"--spectra-text-color: #ffffff\" class=\"has-text-color spectra-text-color wp-block-spectra-content has-text-color has-ffffff-color\">\n\t\tASECNA\t<\/p>\n\n<\/div>\n\n\n<div data-spectra-id=\"spectra-6a598b37-54bd-4f50-9412-1ce7642ad315\" style=\"overflow: visible;--spectra-background-gradient: linear-gradient(0deg, var(--ast-global-color-7) 29%, #ffffff00 49%);--spectra-overlay-opacity: 0.65\" class=\"spectra-overlay-color spectra-overflow spectra-background-gradient spectra-dim-ratio wp-block-spectra-container\" data-orientation=\"vertical\">\n\t\n\t<h3 data-spectra-id=\"spectra-7f8eecb7-66f3-44fb-91aa-25406f9c0940\" style=\"--spectra-text-color: #ffffff\" class=\"has-text-color spectra-text-color wp-block-spectra-content has-text-color has-ffffff-color\">\n\t\tFourniture et pose de bases Vie\t<\/h3>\n\n\n\t<p data-spectra-id=\"spectra-40ec5cb2-4547-4b25-be8a-f28cb216f0c9\" style=\"--spectra-text-color: #ffffff\" class=\"has-text-color spectra-text-color wp-block-spectra-content has-text-color has-ffffff-color\">\n\t\tSETRAG\t<\/p>\n\n<\/div>\n\n\n<div data-spectra-id=\"spectra-6d1ea9ed-75d7-4c05-a685-7604e296193c\" style=\"overflow: visible;--spectra-background-gradient: linear-gradient(0deg, var(--ast-global-color-7) 29%, #ffffff00 49%);--spectra-overlay-opacity: 0.65\" class=\"spectra-overlay-color spectra-overflow spectra-background-gradient spectra-dim-ratio wp-block-spectra-container\" data-orientation=\"vertical\">\n\t\n\t<h3 data-spectra-id=\"spectra-c3395118-0260-4aa6-a8d6-a02bcc73a652\" style=\"--spectra-text-color: #ffffff\" class=\"has-text-color spectra-text-color wp-block-spectra-content has-text-color has-ffffff-color\">\n\t\tConstruction d&rsquo;une cit\u00e9 administrative\t<\/h3>\n\n\n\t<p data-spectra-id=\"spectra-f921c1a7-83b7-4905-9517-df04b620bb3b\" style=\"--spectra-text-color: #ffffff\" class=\"has-text-color spectra-text-color wp-block-spectra-content has-text-color has-ffffff-color\">\n\t\tCODE CASA\t<\/p>\n\n<\/div>\n\n\n<div data-spectra-id=\"spectra-de12c797-b09d-4dfe-88ea-8db17b290b80\" style=\"overflow: visible;--spectra-background-gradient: linear-gradient(0deg, var(--ast-global-color-7) 29%, #ffffff00 49%);--spectra-overlay-opacity: 0.65\" class=\"spectra-overlay-color spectra-overflow spectra-background-gradient spectra-dim-ratio wp-block-spectra-container\" data-orientation=\"vertical\">\n\t\n\t<h3 data-spectra-id=\"spectra-d30da22b-8131-4be9-8fda-c09c4b45c92e\" style=\"--spectra-text-color: #ffffff\" class=\"has-text-color spectra-text-color wp-block-spectra-content has-text-color has-ffffff-color\">\n\t\tEntretien ext\u00e9rieur des postes d&rsquo;\u00e9lectricit\u00e9\t<\/h3>\n\n\n\t<p data-spectra-id=\"spectra-a4ec022d-ca3f-4ea1-bad1-7d94074def73\" style=\"--spectra-text-color: #ffffff\" class=\"has-text-color spectra-text-color wp-block-spectra-content has-text-color has-ffffff-color\">\n\t\tSEEG\t<\/p>\n\n<\/div>\n\n\n<div data-spectra-id=\"spectra-64eae259-cd51-467f-9d74-107682f02af6\" style=\"overflow: visible;--spectra-background-gradient: linear-gradient(0deg, var(--ast-global-color-7) 29%, #ffffff00 49%);--spectra-overlay-opacity: 0.65\" class=\"spectra-overlay-color spectra-overflow spectra-background-gradient spectra-dim-ratio wp-block-spectra-container\" data-orientation=\"vertical\">\n\t\n\t<h3 data-spectra-id=\"spectra-290aa4fb-feeb-4cec-86a0-eb47dea72ea0\" style=\"--spectra-text-color: #ffffff\" class=\"has-text-color spectra-text-color wp-block-spectra-content has-text-color has-ffffff-color\">\n\t\tNettoyage Industriel des ateliers m\u00e9caniques et entrep\u00f4ts\t<\/h3>\n\n\n\t<p data-spectra-id=\"spectra-5c255e8c-aa5f-4413-97ed-bbe28c981121\" style=\"--spectra-text-color: #ffffff\" class=\"has-text-color spectra-text-color wp-block-spectra-content has-text-color has-ffffff-color\">\n\t\tSETRAG\t<\/p>\n\n<\/div>\n\n\n<div data-spectra-id=\"spectra-675bdc10-0e72-49ab-8379-f877de32f6da\" style=\"overflow: visible;--spectra-background-gradient: linear-gradient(0deg, var(--ast-global-color-7) 29%, #ffffff00 49%);--spectra-overlay-opacity: 0.65\" class=\"spectra-overlay-color spectra-overflow spectra-background-gradient spectra-dim-ratio wp-block-spectra-container\" data-orientation=\"vertical\">\n\t\n\t<h3 data-spectra-id=\"spectra-4731931b-ab91-4aa8-a02b-1fcc1c8f21de\" style=\"--spectra-text-color: #ffffff\" class=\"has-text-color spectra-text-color wp-block-spectra-content has-text-color has-ffffff-color\">\n\t\tTravaux de terassement \t<\/h3>\n\n\n\t<p data-spectra-id=\"spectra-9a9ba5e6-f504-4016-9dab-9fe5a9effda2\" style=\"--spectra-text-color: #ffffff\" class=\"has-text-color spectra-text-color wp-block-spectra-content has-text-color has-ffffff-color\">\n\t\tCYBASTION\t<\/p>\n\n<\/div>\n\n\n<div data-spectra-id=\"spectra-47fbfcd1-6ee9-4b54-b3b6-620e71ae9e3f\" style=\"overflow: visible;--spectra-background-gradient: linear-gradient(0deg, var(--ast-global-color-7) 29%, #ffffff00 49%);--spectra-overlay-opacity: 0.65\" class=\"spectra-overlay-color spectra-overflow spectra-background-gradient spectra-dim-ratio wp-block-spectra-container\" data-orientation=\"vertical\">\n\t\n\t<h3 data-spectra-id=\"spectra-83b88ee7-10e5-49e3-a220-e0346b073892\" style=\"--spectra-text-color: #ffffff\" class=\"has-text-color spectra-text-color wp-block-spectra-content has-text-color has-ffffff-color\">\n\t\tTravaux de r\u00e9habilitation d&rsquo;a\u00e9rogares\t<\/h3>\n\n\n\t<p data-spectra-id=\"spectra-ed8638c1-411d-42d8-9044-07db58da1862\" style=\"--spectra-text-color: #ffffff\" class=\"has-text-color spectra-text-color wp-block-spectra-content has-text-color has-ffffff-color\">\n\t\tASECNA\t<\/p>\n\n<\/div>\n\n\n<div data-spectra-id=\"spectra-481ced3f-b729-49e3-b956-c3719f700a7b\" style=\"overflow: visible;--spectra-background-gradient: linear-gradient(0deg, var(--ast-global-color-7) 29%, #ffffff00 49%);--spectra-overlay-opacity: 0.65\" class=\"spectra-overlay-color spectra-overflow spectra-background-gradient spectra-dim-ratio wp-block-spectra-container\" data-orientation=\"vertical\">\n\t\n\t<h3 data-spectra-id=\"spectra-42162b70-96da-4c26-928f-9ff979a03a51\" style=\"--spectra-text-color: #ffffff\" class=\"has-text-color spectra-text-color wp-block-spectra-content has-text-color has-ffffff-color\">\n\t\t<strong>Travaux de forage<\/strong> &#8211; Projet RSE\t<\/h3>\n\n\n\t<p data-spectra-id=\"spectra-4c84b938-afbc-4376-9eb1-b8cd7c3c6206\" style=\"--spectra-text-color: #ffffff\" class=\"has-text-color spectra-text-color wp-block-spectra-content has-text-color has-ffffff-color\">\n\t\tCNSS\t<\/p>\n\n<\/div>\n\n<\/div>","protected":false},"excerpt":{"rendered":"","protected":false},"author":1,"featured_media":0,"parent":0,"menu_order":0,"comment_status":"closed","ping_status":"closed","template":"","meta":{"om_disable_all_campaigns":false,"_uag_custom_page_level_css":"","_monsterinsights_skip_tracking":false,"_monsterinsights_sitenote_active":false,"_monsterinsights_sitenote_note":"","_monsterinsights_sitenote_category":0,"site-sidebar-layout":"no-sidebar","site-content-layout":"plain-container","ast-site-content-layout":"normal-width-container","site-content-style":"unboxed","site-sidebar-style":"unboxed","ast-global-header-display":"","ast-banner-title-visibility":"","ast-main-header-display":"","ast-hfb-above-header-display":"","ast-hfb-below-header-display":"","ast-hfb-mobile-header-display":"","site-post-title":"disabled","ast-breadcrumbs-content":"","ast-featured-img":"disabled","footer-sml-layout":"","ast-disable-related-posts":"","theme-transparent-header-meta":"enabled","adv-header-id-meta":"","stick-header-meta":"","header-above-stick-meta":"","header-main-stick-meta":"","header-below-stick-meta":"","astra-migrate-meta-layouts":"set","ast-page-background-enabled":"default","ast-page-background-meta":{"desktop":{"background-color":"var(--ast-global-color-4)","background-image":"","background-repeat":"repeat","background-position":"center center","background-size":"auto","background-attachment":"scroll","background-type":"","background-media":"","overlay-type":"","overlay-color":"","overlay-opacity":"","overlay-gradient":""},"tablet":{"background-color":"","background-image":"","background-repeat":"repeat","background-position":"center center","background-size":"auto","background-attachment":"scroll","background-type":"","background-media":"","overlay-type":"","overlay-color":"","overlay-opacity":"","overlay-gradient":""},"mobile":{"background-color":"","background-image":"","background-repeat":"repeat","background-position":"center center","background-size":"auto","background-attachment":"scroll","background-type":"","background-media":"","overlay-type":"","overlay-color":"","overlay-opacity":"","overlay-gradient":""}},"ast-content-background-meta":{"desktop":{"background-color":"var(--ast-global-color-5)","background-image":"","background-repeat":"repeat","background-position":"center center","background-size":"auto","background-attachment":"scroll","background-type":"","background-media":"","overlay-type":"","overlay-color":"","overlay-opacity":"","overlay-gradient":""},"tablet":{"background-color":"var(--ast-global-color-5)","background-image":"","background-repeat":"repeat","background-position":"center center","background-size":"auto","background-attachment":"scroll","background-type":"","background-media":"","overlay-type":"","overlay-color":"","overlay-opacity":"","overlay-gradient":""},"mobile":{"background-color":"var(--ast-global-color-5)","background-image":"","background-repeat":"repeat","background-position":"center center","background-size":"auto","background-attachment":"scroll","background-type":"","background-media":"","overlay-type":"","overlay-color":"","overlay-opacity":"","overlay-gradient":""}},"footnotes":""},"class_list":["post-495","page","type-page","status-publish","hentry"],"aioseo_notices":[],"_hostinger_reach_plugin_has_subscription_block":false,"_hostinger_reach_plugin_is_elementor":false,"uagb_featured_image_src":{"full":false,"thumbnail":false,"medium":false,"medium_large":false,"large":false,"1536x1536":false,"2048x2048":false,"trp-custom-language-flag":false},"uagb_author_info":{"display_name":"gcsgabon@gmail.com","author_link":"https:\/\/gcsgroup.fr\/en\/author\/gcsgabongmail-com\/"},"uagb_comment_info":0,"uagb_excerpt":null,"_links":{"self":[{"href":"https:\/\/gcsgroup.fr\/en\/wp-json\/wp\/v2\/pages\/495","targetHints":{"allow":["GET"]}}],"collection":[{"href":"https:\/\/gcsgroup.fr\/en\/wp-json\/wp\/v2\/pages"}],"about":[{"href":"https:\/\/gcsgroup.fr\/en\/wp-json\/wp\/v2\/types\/page"}],"author":[{"embeddable":true,"href":"https:\/\/gcsgroup.fr\/en\/wp-json\/wp\/v2\/users\/1"}],"replies":[{"embeddable":true,"href":"https:\/\/gcsgroup.fr\/en\/wp-json\/wp\/v2\/comments?post=495"}],"version-history":[{"count":6,"href":"https:\/\/gcsgroup.fr\/en\/wp-json\/wp\/v2\/pages\/495\/revisions"}],"predecessor-version":[{"id":2338,"href":"https:\/\/gcsgroup.fr\/en\/wp-json\/wp\/v2\/pages\/495\/revisions\/2338"}],"wp:attachment":[{"href":"https:\/\/gcsgroup.fr\/en\/wp-json\/wp\/v2\/media?parent=495"}],"curies":[{"name":"wp","href":"https:\/\/api.w.org\/{rel}","templated":true}]}}