{"id":497,"date":"2025-12-22T01:15:28","date_gmt":"2025-12-22T01:15:28","guid":{"rendered":"https:\/\/gcsgroup.fr\/services\/"},"modified":"2026-01-03T02:18:29","modified_gmt":"2026-01-03T01:18:29","slug":"services","status":"publish","type":"page","link":"https:\/\/gcsgroup.fr\/en\/services\/","title":{"rendered":"Services"},"content":{"rendered":"<div data-spectra-id=\"37fe9e23\"\tstyle=\"overflow: visible; --spectra-background-color: var(--ast-global-color-7); --spectra-overlay-opacity: 0.81;\" class=\"spectra-is-root-container alignfull spectra-overlay-color spectra-overflow spectra-background-color spectra-dim-ratio wp-block-spectra-container\" data-orientation=\"vertical\"\t>\n\t\n\t<h1 data-spectra-id=\"spectra-bf7b5b87-heading\" style=\"color:#ffffff\" class=\"wp-block-spectra-content has-text-color\">\n\t\tServices\t<\/h1>\n\n<\/div>\n\n\n<div data-spectra-id=\"ca134fa2\"\tstyle=\"overflow: visible; --spectra-background-color: var(--ast-global-color-5);\" class=\"spectra-is-root-container alignfull spectra-overlay-color spectra-overflow spectra-background-color wp-block-spectra-container\" data-orientation=\"vertical\"\t>\n\t\n\t<h3 data-spectra-id=\"spectra-fb923f24-prefix\" style=\"--spectra-text-color: var(--ast-global-color-0)\" class=\"has-text-color spectra-text-color wp-block-spectra-content has-text-color has-var-ast-global-color-0-color\">\n\t\tNos domaines d&rsquo;expertise\t<\/h3>\n\n\n\t<h2 data-spectra-id=\"spectra-fb923f24-title\" class=\"wp-block-spectra-content\">\n\t\tQualit\u00e9 de service\t<\/h2>\n\n\n<div data-spectra-id=\"5031fb51\" style=\"overflow: visible\" class=\"spectra-overlay-color spectra-overflow wp-block-spectra-container\" data-orientation=\"vertical\">\n\t\n<div data-spectra-id=\"spectra-f051ebd8-root\" style=\"overflow: visible\" class=\"spectra-overlay-color spectra-overflow wp-block-spectra-container\" data-orientation=\"vertical\">\n\t\n<div data-spectra-id=\"spectra-mfzbn0nc-q9nyye\" style=\"overflow: visible\" class=\"spectra-overlay-color spectra-overflow wp-block-spectra-container\" data-orientation=\"vertical\">\n\t\n\n<figure data-spectra-id=\"spectra-f051ebd8-img\" class=\"wp-block-image\" style=\"margin-top:0;margin-right:0;margin-bottom:0;margin-left:0\"><img loading=\"lazy\" decoding=\"async\" width=\"380\" height=\"250\" src=\"https:\/\/gcsgroup.fr\/wp-content\/uploads\/2021\/11\/service-1.jpg\" alt=\"Service 1\" class=\"wp-image-88\" title=\"service-1\"><\/figure>\n\n<\/div>\n\n\n\t<h3 data-spectra-id=\"spectra-f051ebd8-title\" class=\"wp-block-spectra-content\">\n\t\tConstruction &amp; BTP\t<\/h3>\n\n\n\t<p data-spectra-id=\"spectra-f051ebd8-desc\" class=\"wp-block-spectra-content\">\n\t\tB\u00e2timents tous corps d\u2019\u00e9tat<br>Ouvrages en b\u00e9ton arm\u00e9\t<\/p>\n\n<\/div>\n\n\n<div data-spectra-id=\"spectra-91f6720b-83af-4580-9546-fa73a4872b39\" style=\"overflow: visible\" class=\"spectra-overlay-color spectra-overflow wp-block-spectra-container\" data-orientation=\"vertical\">\n\t\n<div data-spectra-id=\"spectra-047e862b-464d-4ec3-b4a8-e9062caaa952\" style=\"overflow: visible\" class=\"spectra-overlay-color spectra-overflow wp-block-spectra-container\" data-orientation=\"vertical\">\n\t\n\n<figure data-spectra-id=\"spectra-4aa52099-d1c3-428c-b5b1-a3f8c9086585\" class=\"wp-block-image size-full\" style=\"margin-top:0;margin-right:0;margin-bottom:0;margin-left:0\"><img loading=\"lazy\" decoding=\"async\" width=\"380\" height=\"250\" src=\"https:\/\/gcsgroup.fr\/wp-content\/uploads\/2021\/11\/service-2.jpg\" alt=\"Service 2\" class=\"wp-image-89\" title=\"service-1\"><\/figure>\n\n<\/div>\n\n\n\t<h3 data-spectra-id=\"spectra-c3da6f11-caca-46d2-bc43-cff51f9156cb\" class=\"wp-block-spectra-content\">\n\t\tRoutes &amp; Terrassement\t<\/h3>\n\n\n\t<p data-spectra-id=\"spectra-2dd0c1ac-70f3-4e15-99cc-a14f67f79462\" class=\"wp-block-spectra-content\">\n\t\tRoutes bitum\u00e9es, pav\u00e9es<br>D\u00e9capage, rechargement\t<\/p>\n\n<\/div>\n\n\n<div data-spectra-id=\"spectra-8bb659ea-12dd-43af-881e-09930d9ad38c\" style=\"overflow: visible\" class=\"spectra-overlay-color spectra-overflow wp-block-spectra-container\" data-orientation=\"vertical\">\n\t\n<div data-spectra-id=\"spectra-4968ec7f-0a39-4945-851f-c8c08941f422\" style=\"overflow: visible\" class=\"spectra-overlay-color spectra-overflow wp-block-spectra-container\" data-orientation=\"vertical\">\n\t\n\n<figure data-spectra-id=\"spectra-c5893ff6-a693-413b-8a62-e225dff046d3\" class=\"wp-block-image size-full\" style=\"margin-top:0;margin-right:0;margin-bottom:0;margin-left:0\"><img loading=\"lazy\" decoding=\"async\" width=\"380\" height=\"250\" src=\"https:\/\/gcsgroup.fr\/wp-content\/uploads\/2021\/11\/service-3.jpg\" alt=\"Service 3\" class=\"wp-image-90\" title=\"service-1\"><\/figure>\n\n<\/div>\n\n\n\t<h3 data-spectra-id=\"spectra-9be025eb-d511-4a56-a917-59fbdcfa165b\" class=\"wp-block-spectra-content\">\n\t\tForages &amp; Adductions d&rsquo;Eau\t<\/h3>\n\n\n\t<p data-spectra-id=\"spectra-299e3258-868c-4f43-a1bf-0a07100c2c07\" class=\"wp-block-spectra-content\">\n\t\tForages industriels<br>Adductions d\u2019eau, ch\u00e2teaux d\u2019eau\t<\/p>\n\n<\/div>\n\n\n<div data-spectra-id=\"spectra-664e338a-44ae-4b41-a75f-04d22c392a6e\" style=\"overflow: visible\" class=\"spectra-overlay-color spectra-overflow wp-block-spectra-container\" data-orientation=\"vertical\">\n\t\n<div data-spectra-id=\"spectra-5cdbffd5-f2b7-45fc-a77d-b9698b22cf05\" style=\"overflow: visible\" class=\"spectra-overlay-color spectra-overflow wp-block-spectra-container\" data-orientation=\"vertical\">\n\t\n\n<figure data-spectra-id=\"spectra-efa596dd-4eca-4ab8-881d-56523435f6c3\" class=\"wp-block-image size-full\" style=\"margin-top:0;margin-right:0;margin-bottom:0;margin-left:0\"><img loading=\"lazy\" decoding=\"async\" width=\"380\" height=\"250\" src=\"https:\/\/gcsgroup.fr\/wp-content\/uploads\/2021\/11\/services-4.jpg\" alt=\"Services 4\" class=\"wp-image-91\" title=\"service-1\"><\/figure>\n\n<\/div>\n\n\n\t<h3 data-spectra-id=\"spectra-91751cff-b289-4e48-b5f5-fdddb2cf36b1\" class=\"wp-block-spectra-content\">\n\t\tAssainissement &amp; Curage\t<\/h3>\n\n\n\t<p data-spectra-id=\"spectra-060b16f1-2750-43b8-b47a-82030bfd4fbc\" class=\"wp-block-spectra-content\">\n\t\tNettoyage Industriel et Espaces verts<br>Gestion des d\u00e9chets &amp; boues\t<\/p>\n\n<\/div>\n\n\n<div data-spectra-id=\"spectra-6e050bf4-3879-4fd2-afe6-758e9d66dc20\" style=\"overflow: visible\" class=\"spectra-overlay-color spectra-overflow wp-block-spectra-container\" data-orientation=\"vertical\">\n\t\n<div data-spectra-id=\"spectra-30e776f5-f776-4f7b-8da0-b29f23db09cc\" style=\"overflow: visible\" class=\"spectra-overlay-color spectra-overflow wp-block-spectra-container\" data-orientation=\"vertical\">\n\t\n\n<figure data-spectra-id=\"spectra-9a31b35d-b8ed-436f-88a3-d4da4e7ce7f2\" class=\"wp-block-image size-full\" style=\"margin-top:0;margin-right:0;margin-bottom:0;margin-left:0\"><img loading=\"lazy\" decoding=\"async\" width=\"380\" height=\"250\" src=\"https:\/\/gcsgroup.fr\/wp-content\/uploads\/2021\/11\/services-6.jpg\" alt=\"Services 6\" class=\"wp-image-92\" title=\"service-1\"><\/figure>\n\n<\/div>\n\n\n\t<h3 data-spectra-id=\"spectra-485aa308-8968-414f-a23b-c0b340bd368f\" class=\"wp-block-spectra-content\">\n\t\tB\u00e2timents modulaires\t<\/h3>\n\n\n\n<p>B\u00e2timents modulaires<br>Bases Vie<\/p>\n\n<\/div>\n\n\n<div data-spectra-id=\"spectra-9ce7c757-a5ba-4221-8908-0aa74efd4078\" style=\"overflow: visible\" class=\"spectra-overlay-color spectra-overflow wp-block-spectra-container\" data-orientation=\"vertical\">\n\t\n<div data-spectra-id=\"spectra-044105b7-0dab-41d3-9cbd-7f07a27bfc6a\" style=\"overflow: visible\" class=\"spectra-overlay-color spectra-overflow wp-block-spectra-container\" data-orientation=\"vertical\">\n\t\n\n<figure data-spectra-id=\"spectra-b0dc4f8b-2b40-4747-bb32-95a038a7a9fb\" class=\"wp-block-image size-full\" style=\"margin-top:0;margin-right:0;margin-bottom:0;margin-left:0\"><img loading=\"lazy\" decoding=\"async\" width=\"380\" height=\"250\" src=\"https:\/\/gcsgroup.fr\/wp-content\/uploads\/2021\/11\/services-5.jpg\" alt=\"Services 5\" class=\"wp-image-93\" title=\"service-1\"><\/figure>\n\n<\/div>\n\n\n\t<h3 data-spectra-id=\"spectra-4ab4b271-66de-4ee9-9018-1989f3fd76e5\" class=\"wp-block-spectra-content\">\n\t\tLocation d\u2019engins &amp; camions\t<\/h3>\n\n\n\t<p data-spectra-id=\"spectra-3e3d8d5f-46b4-4462-8d4a-20cc0101014d\" class=\"wp-block-spectra-content\">\n\t\tPelles, tractopelles, chargeurs, bulldozers, camions bennes, etc&#8230;\t<\/p>\n\n<\/div>\n\n<\/div>\n\n<\/div>\n\n\n<div data-spectra-id=\"spectra-203326f0\"\tstyle=\"overflow: visible; --spectra-background-color: var(--ast-global-color-5);\" class=\"spectra-is-root-container alignfull spectra-overlay-color spectra-overflow spectra-background-color wp-block-spectra-container\" data-orientation=\"vertical\"\t>\n\t\n\t<h3 data-spectra-id=\"spectra-1cc8c252-prefix\" style=\"--spectra-text-color: var(--ast-global-color-0)\" class=\"has-text-color spectra-text-color wp-block-spectra-content has-text-color has-var-ast-global-color-0-color\">\n\t\tConfiance et Valeur\t<\/h3>\n\n\n\t<h2 data-spectra-id=\"spectra-1cc8c252-title\" class=\"wp-block-spectra-content\">\n\t\tNos Clients\t<\/h2>\n\n\n<div data-spectra-id=\"spectra-mgsv9a4r-nwx7oy\" style=\"overflow: visible\" class=\"spectra-overlay-color spectra-overflow wp-block-spectra-container\" data-orientation=\"vertical\">\n\t\n<div data-spectra-id=\"spectra-mgsvc2rp-7snyai\" style=\"overflow: visible\" class=\"spectra-overlay-color spectra-overflow wp-block-spectra-container\" data-orientation=\"vertical\">\n\t\n\n<figure data-spectra-id=\"spectra-mjxil01p-o7a9fo\" class=\"wp-block-image size-full\"><img loading=\"lazy\" decoding=\"async\" width=\"913\" height=\"458\" src=\"https:\/\/gcsgroup.fr\/wp-content\/uploads\/2026\/01\/Setrag.png\" alt=\"setrag\" class=\"wp-image-2296\" title=\"Services\" srcset=\"https:\/\/gcsgroup.fr\/wp-content\/uploads\/2026\/01\/Setrag.png 913w, https:\/\/gcsgroup.fr\/wp-content\/uploads\/2026\/01\/Setrag-300x150.png 300w, https:\/\/gcsgroup.fr\/wp-content\/uploads\/2026\/01\/Setrag-768x385.png 768w, https:\/\/gcsgroup.fr\/wp-content\/uploads\/2026\/01\/Setrag-18x9.png 18w\" sizes=\"auto, (max-width: 913px) 100vw, 913px\" \/><\/figure>\n\n<\/div>\n\n\n\n<figure data-spectra-id=\"spectra-b48d9ec3-img4\" class=\"wp-block-image size-full\" style=\"margin-top:0;margin-right:0;margin-bottom:0;margin-left:0\"><img loading=\"lazy\" decoding=\"async\" width=\"326\" height=\"324\" src=\"https:\/\/gcsgroup.fr\/wp-content\/uploads\/2026\/01\/ENI-logo.jpg\" alt=\"eni logo\" class=\"wp-image-2297\" title=\"Services\" srcset=\"https:\/\/gcsgroup.fr\/wp-content\/uploads\/2026\/01\/ENI-logo.jpg 326w, https:\/\/gcsgroup.fr\/wp-content\/uploads\/2026\/01\/ENI-logo-300x298.jpg 300w, https:\/\/gcsgroup.fr\/wp-content\/uploads\/2026\/01\/ENI-logo-150x150.jpg 150w, https:\/\/gcsgroup.fr\/wp-content\/uploads\/2026\/01\/ENI-logo-12x12.jpg 12w\" sizes=\"auto, (max-width: 326px) 100vw, 326px\" \/><\/figure>\n\n\n<div data-spectra-id=\"spectra-872ed60c-65b0-4e1c-bba4-bb1deeb5022e\" style=\"overflow: visible\" class=\"spectra-overlay-color spectra-overflow wp-block-spectra-container\" data-orientation=\"vertical\">\n\t\n\n<figure data-spectra-id=\"spectra-b48d9ec3-img2\" class=\"wp-block-image size-full\" style=\"margin-top:0;margin-right:0;margin-bottom:0;margin-left:0\"><img loading=\"lazy\" decoding=\"async\" width=\"406\" height=\"430\" src=\"https:\/\/gcsgroup.fr\/wp-content\/uploads\/2026\/01\/LogoAsecna.png\" alt=\"logoasecna\" class=\"wp-image-2295\" title=\"Services\" srcset=\"https:\/\/gcsgroup.fr\/wp-content\/uploads\/2026\/01\/LogoAsecna.png 406w, https:\/\/gcsgroup.fr\/wp-content\/uploads\/2026\/01\/LogoAsecna-283x300.png 283w, https:\/\/gcsgroup.fr\/wp-content\/uploads\/2026\/01\/LogoAsecna-11x12.png 11w\" sizes=\"auto, (max-width: 406px) 100vw, 406px\" \/><\/figure>\n\n<\/div>\n\n\n\n<figure data-spectra-id=\"spectra-mjxm5bbi-5jbosj\" class=\"wp-block-image size-large\"><img loading=\"lazy\" decoding=\"async\" width=\"1024\" height=\"584\" src=\"https:\/\/gcsgroup.fr\/wp-content\/uploads\/2026\/01\/Cybastion-Logo-1-1024x584.png\" alt=\"cybastion logo\" class=\"wp-image-2322\" title=\"Services\" srcset=\"https:\/\/gcsgroup.fr\/wp-content\/uploads\/2026\/01\/Cybastion-Logo-1-1024x584.png 1024w, https:\/\/gcsgroup.fr\/wp-content\/uploads\/2026\/01\/Cybastion-Logo-1-300x171.png 300w, https:\/\/gcsgroup.fr\/wp-content\/uploads\/2026\/01\/Cybastion-Logo-1-768x438.png 768w, https:\/\/gcsgroup.fr\/wp-content\/uploads\/2026\/01\/Cybastion-Logo-1-18x10.png 18w, https:\/\/gcsgroup.fr\/wp-content\/uploads\/2026\/01\/Cybastion-Logo-1.png 1074w\" sizes=\"auto, (max-width: 1024px) 100vw, 1024px\" \/><\/figure>\n\n\n\n<figure data-spectra-id=\"spectra-b48d9ec3-img1\" class=\"wp-block-image size-large\" style=\"margin-top:0;margin-right:0;margin-bottom:0;margin-left:0\"><img loading=\"lazy\" decoding=\"async\" width=\"1024\" height=\"575\" src=\"https:\/\/gcsgroup.fr\/wp-content\/uploads\/2026\/01\/Logo_GOC_1280px-1024x575.png\" alt=\"logo goc 1280px\" class=\"wp-image-2294\" title=\"Services\" srcset=\"https:\/\/gcsgroup.fr\/wp-content\/uploads\/2026\/01\/Logo_GOC_1280px-1024x575.png 1024w, https:\/\/gcsgroup.fr\/wp-content\/uploads\/2026\/01\/Logo_GOC_1280px-300x169.png 300w, https:\/\/gcsgroup.fr\/wp-content\/uploads\/2026\/01\/Logo_GOC_1280px-768x431.png 768w, https:\/\/gcsgroup.fr\/wp-content\/uploads\/2026\/01\/Logo_GOC_1280px-18x10.png 18w, https:\/\/gcsgroup.fr\/wp-content\/uploads\/2026\/01\/Logo_GOC_1280px.png 1280w\" sizes=\"auto, (max-width: 1024px) 100vw, 1024px\" \/><\/figure>\n\n\n<div data-spectra-id=\"spectra-2fde2ca6-a3f6-4020-9fa2-1c5d5ee01643\" style=\"overflow: visible\" class=\"spectra-overlay-color spectra-overflow wp-block-spectra-container\" data-orientation=\"vertical\">\n\t\n\n<figure data-spectra-id=\"spectra-mjxirm6u-yndoqf\" class=\"wp-block-image size-full\"><img loading=\"lazy\" decoding=\"async\" width=\"900\" height=\"900\" src=\"https:\/\/gcsgroup.fr\/wp-content\/uploads\/2026\/01\/SEEG_logo.jpg\" alt=\"seeg logo\" class=\"wp-image-2300\" title=\"Services\" srcset=\"https:\/\/gcsgroup.fr\/wp-content\/uploads\/2026\/01\/SEEG_logo.jpg 900w, https:\/\/gcsgroup.fr\/wp-content\/uploads\/2026\/01\/SEEG_logo-300x300.jpg 300w, https:\/\/gcsgroup.fr\/wp-content\/uploads\/2026\/01\/SEEG_logo-150x150.jpg 150w, https:\/\/gcsgroup.fr\/wp-content\/uploads\/2026\/01\/SEEG_logo-768x768.jpg 768w, https:\/\/gcsgroup.fr\/wp-content\/uploads\/2026\/01\/SEEG_logo-12x12.jpg 12w\" sizes=\"auto, (max-width: 900px) 100vw, 900px\" \/><\/figure>\n\n<\/div>\n\n\n<div data-spectra-id=\"spectra-1b464b54-74ac-4487-a275-6b0e309625b4\" style=\"overflow: visible\" class=\"spectra-overlay-color spectra-overflow wp-block-spectra-container\" data-orientation=\"vertical\">\n\t\n\n<figure data-spectra-id=\"spectra-b48d9ec3-img3\" class=\"wp-block-image size-full\" style=\"margin-top:0;margin-right:0;margin-bottom:0;margin-left:0\"><img loading=\"lazy\" decoding=\"async\" width=\"270\" height=\"80\" src=\"https:\/\/gcsgroup.fr\/wp-content\/uploads\/2026\/01\/BW-logo.jpg\" alt=\"bw logo\" class=\"wp-image-2298\" title=\"Services\" srcset=\"https:\/\/gcsgroup.fr\/wp-content\/uploads\/2026\/01\/BW-logo.jpg 270w, https:\/\/gcsgroup.fr\/wp-content\/uploads\/2026\/01\/BW-logo-18x5.jpg 18w\" sizes=\"auto, (max-width: 270px) 100vw, 270px\" \/><\/figure>\n\n<\/div>\n\n\n<div data-spectra-id=\"spectra-3e186a4b-e91c-4d71-ac1c-ae4faa8c2055\" style=\"overflow: visible\" class=\"spectra-overlay-color spectra-overflow wp-block-spectra-container\" data-orientation=\"vertical\">\n\t\n\n<figure data-spectra-id=\"spectra-mjxixoyd-zdgf9r\" class=\"wp-block-image size-large\"><img loading=\"lazy\" decoding=\"async\" width=\"1024\" height=\"543\" src=\"https:\/\/gcsgroup.fr\/wp-content\/uploads\/2026\/01\/Africa_Global_Logistics_logo-1-1024x543.png\" alt=\"africa global logistics logo\" class=\"wp-image-2303\" title=\"Services\" srcset=\"https:\/\/gcsgroup.fr\/wp-content\/uploads\/2026\/01\/Africa_Global_Logistics_logo-1-1024x543.png 1024w, https:\/\/gcsgroup.fr\/wp-content\/uploads\/2026\/01\/Africa_Global_Logistics_logo-1-300x159.png 300w, https:\/\/gcsgroup.fr\/wp-content\/uploads\/2026\/01\/Africa_Global_Logistics_logo-1-768x407.png 768w, https:\/\/gcsgroup.fr\/wp-content\/uploads\/2026\/01\/Africa_Global_Logistics_logo-1-1536x814.png 1536w, https:\/\/gcsgroup.fr\/wp-content\/uploads\/2026\/01\/Africa_Global_Logistics_logo-1-18x10.png 18w, https:\/\/gcsgroup.fr\/wp-content\/uploads\/2026\/01\/Africa_Global_Logistics_logo-1.png 1600w\" sizes=\"auto, (max-width: 1024px) 100vw, 1024px\" \/><\/figure>\n\n<\/div>\n\n\n\n<figure data-spectra-id=\"spectra-b48d9ec3-img5\" class=\"wp-block-image size-large\" style=\"margin-top:0;margin-right:0;margin-bottom:0;margin-left:0\"><img loading=\"lazy\" decoding=\"async\" width=\"1024\" height=\"819\" src=\"https:\/\/gcsgroup.fr\/wp-content\/uploads\/2026\/01\/Code-Casa-Logo-1024x819.jpg\" alt=\"code casa logo\" class=\"wp-image-2299\" title=\"Services\" srcset=\"https:\/\/gcsgroup.fr\/wp-content\/uploads\/2026\/01\/Code-Casa-Logo-1024x819.jpg 1024w, https:\/\/gcsgroup.fr\/wp-content\/uploads\/2026\/01\/Code-Casa-Logo-300x240.jpg 300w, https:\/\/gcsgroup.fr\/wp-content\/uploads\/2026\/01\/Code-Casa-Logo-768x615.jpg 768w, https:\/\/gcsgroup.fr\/wp-content\/uploads\/2026\/01\/Code-Casa-Logo-15x12.jpg 15w, https:\/\/gcsgroup.fr\/wp-content\/uploads\/2026\/01\/Code-Casa-Logo.jpg 1181w\" sizes=\"auto, (max-width: 1024px) 100vw, 1024px\" \/><\/figure>\n\n\n\n<figure data-spectra-id=\"spectra-mjxm5r3t-wnh67f\" class=\"wp-block-image size-full\"><img decoding=\"async\" src=\"https:\/\/gcsgroup.fr\/wp-content\/uploads\/2026\/01\/Mairie-Libreville-Logo-1.svg\" alt=\"mairie libreville logo\" class=\"wp-image-2325\" title=\"Services\"><\/figure>\n\n\n\n<figure data-spectra-id=\"spectra-mjxm5lxp-hxp9fd\" class=\"wp-block-image size-full\"><img loading=\"lazy\" decoding=\"async\" width=\"227\" height=\"222\" src=\"https:\/\/gcsgroup.fr\/wp-content\/uploads\/2026\/01\/cnss-logo-2.jpeg\" alt=\"cnss logo\" class=\"wp-image-2324\" title=\"Services\" srcset=\"https:\/\/gcsgroup.fr\/wp-content\/uploads\/2026\/01\/cnss-logo-2.jpeg 227w, https:\/\/gcsgroup.fr\/wp-content\/uploads\/2026\/01\/cnss-logo-2-12x12.jpeg 12w\" sizes=\"auto, (max-width: 227px) 100vw, 227px\" \/><\/figure>\n\n<\/div>\n\n<\/div>\n\n\n\n<p><\/p>","protected":false},"excerpt":{"rendered":"","protected":false},"author":1,"featured_media":0,"parent":0,"menu_order":0,"comment_status":"closed","ping_status":"closed","template":"","meta":{"om_disable_all_campaigns":false,"_uag_custom_page_level_css":"","_monsterinsights_skip_tracking":false,"_monsterinsights_sitenote_active":false,"_monsterinsights_sitenote_note":"","_monsterinsights_sitenote_category":0,"site-sidebar-layout":"no-sidebar","site-content-layout":"plain-container","ast-site-content-layout":"normal-width-container","site-content-style":"unboxed","site-sidebar-style":"unboxed","ast-global-header-display":"","ast-banner-title-visibility":"","ast-main-header-display":"","ast-hfb-above-header-display":"","ast-hfb-below-header-display":"","ast-hfb-mobile-header-display":"","site-post-title":"disabled","ast-breadcrumbs-content":"","ast-featured-img":"disabled","footer-sml-layout":"","ast-disable-related-posts":"","theme-transparent-header-meta":"enabled","adv-header-id-meta":"","stick-header-meta":"","header-above-stick-meta":"","header-main-stick-meta":"","header-below-stick-meta":"","astra-migrate-meta-layouts":"set","ast-page-background-enabled":"default","ast-page-background-meta":{"desktop":{"background-color":"var(--ast-global-color-4)","background-image":"","background-repeat":"repeat","background-position":"center center","background-size":"auto","background-attachment":"scroll","background-type":"","background-media":"","overlay-type":"","overlay-color":"","overlay-opacity":"","overlay-gradient":""},"tablet":{"background-color":"","background-image":"","background-repeat":"repeat","background-position":"center center","background-size":"auto","background-attachment":"scroll","background-type":"","background-media":"","overlay-type":"","overlay-color":"","overlay-opacity":"","overlay-gradient":""},"mobile":{"background-color":"","background-image":"","background-repeat":"repeat","background-position":"center center","background-size":"auto","background-attachment":"scroll","background-type":"","background-media":"","overlay-type":"","overlay-color":"","overlay-opacity":"","overlay-gradient":""}},"ast-content-background-meta":{"desktop":{"background-color":"var(--ast-global-color-5)","background-image":"","background-repeat":"repeat","background-position":"center center","background-size":"auto","background-attachment":"scroll","background-type":"","background-media":"","overlay-type":"","overlay-color":"","overlay-opacity":"","overlay-gradient":""},"tablet":{"background-color":"var(--ast-global-color-5)","background-image":"","background-repeat":"repeat","background-position":"center center","background-size":"auto","background-attachment":"scroll","background-type":"","background-media":"","overlay-type":"","overlay-color":"","overlay-opacity":"","overlay-gradient":""},"mobile":{"background-color":"var(--ast-global-color-5)","background-image":"","background-repeat":"repeat","background-position":"center center","background-size":"auto","background-attachment":"scroll","background-type":"","background-media":"","overlay-type":"","overlay-color":"","overlay-opacity":"","overlay-gradient":""}},"footnotes":""},"class_list":["post-497","page","type-page","status-publish","hentry"],"aioseo_notices":[],"_hostinger_reach_plugin_has_subscription_block":false,"_hostinger_reach_plugin_is_elementor":false,"uagb_featured_image_src":{"full":false,"thumbnail":false,"medium":false,"medium_large":false,"large":false,"1536x1536":false,"2048x2048":false,"trp-custom-language-flag":false},"uagb_author_info":{"display_name":"gcsgabon@gmail.com","author_link":"https:\/\/gcsgroup.fr\/en\/author\/gcsgabongmail-com\/"},"uagb_comment_info":0,"uagb_excerpt":null,"_links":{"self":[{"href":"https:\/\/gcsgroup.fr\/en\/wp-json\/wp\/v2\/pages\/497","targetHints":{"allow":["GET"]}}],"collection":[{"href":"https:\/\/gcsgroup.fr\/en\/wp-json\/wp\/v2\/pages"}],"about":[{"href":"https:\/\/gcsgroup.fr\/en\/wp-json\/wp\/v2\/types\/page"}],"author":[{"embeddable":true,"href":"https:\/\/gcsgroup.fr\/en\/wp-json\/wp\/v2\/users\/1"}],"replies":[{"embeddable":true,"href":"https:\/\/gcsgroup.fr\/en\/wp-json\/wp\/v2\/comments?post=497"}],"version-history":[{"count":5,"href":"https:\/\/gcsgroup.fr\/en\/wp-json\/wp\/v2\/pages\/497\/revisions"}],"predecessor-version":[{"id":2326,"href":"https:\/\/gcsgroup.fr\/en\/wp-json\/wp\/v2\/pages\/497\/revisions\/2326"}],"wp:attachment":[{"href":"https:\/\/gcsgroup.fr\/en\/wp-json\/wp\/v2\/media?parent=497"}],"curies":[{"name":"wp","href":"https:\/\/api.w.org\/{rel}","templated":true}]}}